{"id":11378,"date":"2025-06-16T16:19:38","date_gmt":"2025-06-16T16:19:38","guid":{"rendered":"https:\/\/4gqtr.com\/?post_type=product&#038;p=11378"},"modified":"2025-06-16T16:19:38","modified_gmt":"2025-06-16T16:19:38","slug":"anker-322-powerline-usb-a-to-usb-c-fast-charging-3ft-0-9m-cable","status":"publish","type":"product","link":"https:\/\/4gqtr.com\/ar\/product\/anker-322-powerline-usb-a-to-usb-c-fast-charging-3ft-0-9m-cable\/","title":{"rendered":"\u0643\u0627\u0628\u0644 \u0627\u0644\u0634\u062d\u0646 \u0627\u0644\u0633\u0631\u064a\u0639 \u0645\u0646 \u0623\u0646\u0643\u0631 322 PowerLine USB A \u0625\u0644\u0649 USB C \u0628\u0633\u0631\u0639\u0629 3 \u0623\u0642\u062f\u0627\u0645\/0.9 \u0645\u062a\u0631"},"content":{"rendered":"<table class=\"specs-table\">\n<tbody>\n<tr>\n<td>\u0627\u0644\u0639\u0644\u0627\u0645\u0629 \u0627\u0644\u062a\u062c\u0627\u0631\u064a\u0629 :<\/td>\n<td>\u0623\u0646\u0643\u0631<\/td>\n<\/tr>\n<tr>\n<td>\u0627\u0644\u0646\u0648\u0639 :<\/td>\n<td>\u0627\u0644\u0643\u0627\u0628\u0644<\/td>\n<\/tr>\n<tr>\n<td>\u0627\u0644\u0645\u0648\u062f\u064a\u0644 :<\/td>\n<td>A81H5H11<\/td>\n<\/tr>\n<tr>\n<td>\u0627\u0644\u0644\u0648\u0646 :<\/td>\n<td>\u0623\u0633\u0648\u062f<\/td>\n<\/tr>\n<tr>\n<td>\u0633\u0631\u0639\u0629 \u0646\u0642\u0644 \u0627\u0644\u0628\u064a\u0627\u0646\u0627\u062a :<\/td>\n<td>480 \u0645\u064a\u062c\u0627\u0628\u0627\u064a\u062a\/\u062b\u0627\u0646\u064a\u0629<\/td>\n<\/tr>\n<tr>\n<td>\u0627\u0644\u0637\u0648\u0644 :<\/td>\n<td>3 \u0623\u0642\u062f\u0627\u0645<\/td>\n<\/tr>\n<tr>\n<td>\u0627\u0644\u0623\u0628\u0639\u0627\u062f :<\/td>\n<td>16 \u00d7 7 \u00d7 7 \u00d7 900 \u0645\u0645<\/td>\n<\/tr>\n<\/tbody>\n<\/table>","protected":false},"excerpt":{"rendered":"<p>Brand : Anker Type : Cable Model : A81H5H11 Color : Black Data Transfer Speed : 480 MB\/s Length :<\/p>","protected":false},"featured_media":11380,"template":"","meta":{"om_disable_all_campaigns":false,"_monsterinsights_skip_tracking":false,"_monsterinsights_sitenote_active":false,"_monsterinsights_sitenote_note":"","_monsterinsights_sitenote_category":0},"product_brand":[61],"product_cat":[144],"product_tag":[],"class_list":{"0":"post-11378","1":"product","2":"type-product","3":"status-publish","4":"has-post-thumbnail","6":"product_brand-anker","7":"product_cat-charger-cable","9":"first","10":"instock","11":"sale","12":"taxable","13":"shipping-taxable","14":"purchasable","15":"product-type-simple"},"aioseo_notices":[],"_links":{"self":[{"href":"https:\/\/4gqtr.com\/ar\/wp-json\/wp\/v2\/product\/11378","targetHints":{"allow":["GET"]}}],"collection":[{"href":"https:\/\/4gqtr.com\/ar\/wp-json\/wp\/v2\/product"}],"about":[{"href":"https:\/\/4gqtr.com\/ar\/wp-json\/wp\/v2\/types\/product"}],"version-history":[{"count":0,"href":"https:\/\/4gqtr.com\/ar\/wp-json\/wp\/v2\/product\/11378\/revisions"}],"wp:featuredmedia":[{"embeddable":true,"href":"https:\/\/4gqtr.com\/ar\/wp-json\/wp\/v2\/media\/11380"}],"wp:attachment":[{"href":"https:\/\/4gqtr.com\/ar\/wp-json\/wp\/v2\/media?parent=11378"}],"wp:term":[{"taxonomy":"product_brand","embeddable":true,"href":"https:\/\/4gqtr.com\/ar\/wp-json\/wp\/v2\/product_brand?post=11378"},{"taxonomy":"product_cat","embeddable":true,"href":"https:\/\/4gqtr.com\/ar\/wp-json\/wp\/v2\/product_cat?post=11378"},{"taxonomy":"product_tag","embeddable":true,"href":"https:\/\/4gqtr.com\/ar\/wp-json\/wp\/v2\/product_tag?post=11378"}],"curies":[{"name":"\u062f\u0628\u0644\u064a\u0648 \u0628\u064a","href":"https:\/\/api.w.org\/{rel}","templated":true}]}}