{"id":10121,"date":"2025-06-02T18:40:53","date_gmt":"2025-06-02T18:40:53","guid":{"rendered":"https:\/\/4gqtr.com\/?post_type=product&#038;p=10121"},"modified":"2025-07-03T12:18:46","modified_gmt":"2025-07-03T12:18:46","slug":"joy-professional-2-in-1-styling-brush","status":"publish","type":"product","link":"https:\/\/4gqtr.com\/ar\/product\/joy-professional-2-in-1-styling-brush\/","title":{"rendered":"\u0641\u0631\u0634\u0627\u0629 \u062a\u0635\u0641\u064a\u0641 \u0627\u0644\u0634\u0639\u0631 \u062c\u0648\u064a \u0628\u0631\u0648\u0641\u064a\u0634\u0646\u0627\u0644 2 \u0641\u064a 1"},"content":{"rendered":"<p>\u062a\u0642\u062f\u0645 \u0644\u0643 \u0641\u0631\u0634\u0627\u0629 \u0627\u0644\u062a\u0635\u0641\u064a\u0641 \u062c\u0648\u064a \u0628\u0631\u0648\u0641\u064a\u0634\u0646\u0627\u0644 2 \u0641\u064a 1 \u062a\u0633\u0631\u064a\u062d\u0627\u062a \u0634\u0639\u0631 \u062a\u0633\u062a\u062d\u0642 \u0623\u0646 \u062a\u0643\u0648\u0646 \u0641\u064a \u0635\u0627\u0644\u0648\u0646 \u0627\u0644\u062a\u062c\u0645\u064a\u0644 \u0641\u064a \u0627\u0644\u0645\u0646\u0632\u0644 \u0645\u0639 \u0645\u062c\u0641\u0641 \u0627\u0644\u0634\u0639\u0631 \u0648\u0641\u0631\u0634\u0627\u0629 \u0627\u0644\u062a\u0635\u0641\u064a\u0641. \u062a\u0639\u0645\u0644 \u0634\u0639\u064a\u0631\u0627\u062a\u0647\u0627 \u0627\u0644\u0645\u0633\u062e\u0651\u0646\u0629 \u0639\u0644\u0649 \u062a\u062c\u0641\u064a\u0641 \u0627\u0644\u0634\u0639\u0631 \u0648\u062a\u0646\u0639\u064a\u0645\u0647 \u0648\u0625\u0636\u0627\u0641\u0629 \u0643\u062b\u0627\u0641\u0629 \u062f\u0648\u0646 \u062a\u0644\u0641\u060c \u0643\u0645\u0627 \u0623\u0646\u0647\u0627 \u062a\u0644\u0628\u064a \u0627\u062d\u062a\u064a\u0627\u062c\u0627\u062a \u0623\u0646\u0648\u0627\u0639 \u0627\u0644\u0634\u0639\u0631 \u0627\u0644\u0645\u062e\u062a\u0644\u0641\u0629 \u0645\u0639 \u0625\u0639\u062f\u0627\u062f\u0627\u062a \u062d\u0631\u0627\u0631\u0629 \u0645\u062a\u0639\u062f\u062f\u0629. \u064a\u062a\u064a\u062d \u062a\u0635\u0645\u064a\u0645 \u0627\u0644\u0641\u0631\u0634\u0627\u0629 \u0645\u062a\u0639\u062f\u062f \u0627\u0644\u0627\u0633\u062a\u062e\u062f\u0627\u0645\u0627\u062a \u062a\u0635\u0641\u064a\u0641\u0627\u062a \u0645\u062e\u062a\u0644\u0641\u0629 \u0644\u0644\u0634\u0639\u0631\u060c \u0645\u0646 \u0627\u0644\u0645\u0633\u062a\u0631\u0633\u0644 \u0625\u0644\u0649 \u0627\u0644\u0645\u062c\u0639\u062f\u060c \u0628\u064a\u0646\u0645\u0627 \u062a\u0639\u0645\u0644 \u0627\u0644\u062a\u0642\u0646\u064a\u0629 \u0627\u0644\u0623\u064a\u0648\u0646\u064a\u0629 \u0639\u0644\u0649 \u0627\u0644\u062a\u062e\u0644\u0635 \u0645\u0646 \u0627\u0644\u062a\u062c\u0639\u062f \u0648\u0627\u0644\u062b\u0628\u0627\u062a \u0644\u0644\u062d\u0635\u0648\u0644 \u0639\u0644\u0649 \u062e\u0635\u0644\u0627\u062a \u0644\u0627\u0645\u0639\u0629 \u0648\u0633\u0647\u0644\u0629 \u0627\u0644\u062a\u0633\u0631\u064a\u062d. \u0635\u063a\u064a\u0631\u0629 \u0627\u0644\u062d\u062c\u0645 \u0648\u0642\u0627\u0628\u0644\u0629 \u0644\u0644\u062d\u0645\u0644\u060c \u0648\u0647\u064a \u0645\u062b\u0627\u0644\u064a\u0629 \u0644\u0644\u0633\u0641\u0631 \u0648\u0627\u0644\u0644\u0645\u0633\u0627\u062a \u0627\u0644\u0633\u0631\u064a\u0639\u0629. \u0645\u0648\u0627\u0635\u0641\u0627\u062a \u0627\u0644\u0645\u0646\u062a\u062c: \u0627\u0644\u0634\u0631\u0643\u0629 \u0627\u0644\u0645\u0635\u0646\u0639\u0629: \u062c\u0648\u064a \u0628\u0631\u0648\u0641\u064a\u0634\u0646\u0627\u0644 \u0627\u0644\u0623\u0628\u0639\u0627\u062f: 10 \u00d7 10 \u00d7 10 \u00d7 5 \u0633\u0645 \u0627\u0644\u0648\u0632\u0646: 907.18 \u062c\u0631\u0627\u0645 \u0627\u0644\u062a\u0643\u0646\u0648\u0644\u0648\u062c\u064a\u0627: \u0637\u0644\u0627\u0621 \u0623\u064a\u0648\u0646\u064a\u060c \u0633\u064a\u0631\u0627\u0645\u064a\u0643<\/p>","protected":false},"excerpt":{"rendered":"<p>The Joy Professional 2-In-1 Styling Brush Offers Salon-Worthy Blowouts At Home With Its Hairdryer And Styling Brush Combo. Its Heated<\/p>","protected":false},"featured_media":10125,"template":"","meta":{"om_disable_all_campaigns":false,"_monsterinsights_skip_tracking":false,"_monsterinsights_sitenote_active":false,"_monsterinsights_sitenote_note":"","_monsterinsights_sitenote_category":0},"product_brand":[],"product_cat":[107],"product_tag":[],"class_list":{"0":"post-10121","1":"product","2":"type-product","3":"status-publish","4":"has-post-thumbnail","6":"product_cat-hair-dryer-styler","8":"first","9":"instock","10":"sale","11":"taxable","12":"shipping-taxable","13":"purchasable","14":"product-type-simple"},"aioseo_notices":[],"_links":{"self":[{"href":"https:\/\/4gqtr.com\/ar\/wp-json\/wp\/v2\/product\/10121","targetHints":{"allow":["GET"]}}],"collection":[{"href":"https:\/\/4gqtr.com\/ar\/wp-json\/wp\/v2\/product"}],"about":[{"href":"https:\/\/4gqtr.com\/ar\/wp-json\/wp\/v2\/types\/product"}],"version-history":[{"count":0,"href":"https:\/\/4gqtr.com\/ar\/wp-json\/wp\/v2\/product\/10121\/revisions"}],"wp:featuredmedia":[{"embeddable":true,"href":"https:\/\/4gqtr.com\/ar\/wp-json\/wp\/v2\/media\/10125"}],"wp:attachment":[{"href":"https:\/\/4gqtr.com\/ar\/wp-json\/wp\/v2\/media?parent=10121"}],"wp:term":[{"taxonomy":"product_brand","embeddable":true,"href":"https:\/\/4gqtr.com\/ar\/wp-json\/wp\/v2\/product_brand?post=10121"},{"taxonomy":"product_cat","embeddable":true,"href":"https:\/\/4gqtr.com\/ar\/wp-json\/wp\/v2\/product_cat?post=10121"},{"taxonomy":"product_tag","embeddable":true,"href":"https:\/\/4gqtr.com\/ar\/wp-json\/wp\/v2\/product_tag?post=10121"}],"curies":[{"name":"\u062f\u0628\u0644\u064a\u0648 \u0628\u064a","href":"https:\/\/api.w.org\/{rel}","templated":true}]}}